{"id":35,"date":"2024-03-15T12:03:44","date_gmt":"2024-03-15T11:03:44","guid":{"rendered":"https:\/\/mardeliradesarrollos.com.31-24-41-230.31-24-41-230.visualpublinet.com\/?page_id=35"},"modified":"2025-10-03T08:44:50","modified_gmt":"2025-10-03T06:44:50","slug":"creamos-experiencias","status":"publish","type":"page","link":"https:\/\/mardeliradesarrollos.com\/en\/creamos-experiencias\/","title":{"rendered":"Creamos experiencias"},"content":{"rendered":"<p>[et_pb_section fb_built=\u00bb1&#8243; custom_padding_last_edited=\u00bbon|phone\u00bb _builder_version=\u00bb4.24.2&#8243; _dynamic_attributes=\u00bbbackground_image\u00bb _module_preset=\u00bbdefault\u00bb use_background_color_gradient=\u00bbon\u00bb background_color_gradient_stops=\u00bbrgba(30,30,30,0.4) 0%|rgba(30,30,30,0.36) 100%\u00bb background_color_gradient_overlays_image=\u00bbon\u00bb background_image=\u00bb@ET-DC@eyJkeW5hbWljIjp0cnVlLCJjb250ZW50IjoicG9zdF9mZWF0dXJlZF9pbWFnZSIsInNldHRpbmdzIjp7fX0=@\u00bb custom_padding=\u00bb200px||200px||true|false\u00bb custom_padding_tablet=\u00bb200px||200px||true|false\u00bb custom_padding_phone=\u00bb80px||80px||true|false\u00bb global_module=\u00bb293&#8243; saved_tabs=\u00bball\u00bb global_colors_info=\u00bb{}\u00bb][et_pb_row _builder_version=\u00bb4.24.2&#8243; _module_preset=\u00bbdefault\u00bb global_colors_info=\u00bb{}\u00bb][et_pb_column type=\u00bb4_4&#8243; _builder_version=\u00bb4.24.2&#8243; _module_preset=\u00bbdefault\u00bb global_colors_info=\u00bb{}\u00bb][et_pb_post_title meta=\u00bboff\u00bb featured_image=\u00bboff\u00bb _builder_version=\u00bb4.24.2&#8243; _module_preset=\u00bbdefault\u00bb title_font=\u00bb|300||on|||||\u00bb title_text_align=\u00bbcenter\u00bb title_text_color=\u00bb#FFFFFF\u00bb title_font_size=\u00bb72px\u00bb title_line_height=\u00bb1.2em\u00bb title_font_size_tablet=\u00bb52px\u00bb title_font_size_phone=\u00bb38px\u00bb title_font_size_last_edited=\u00bbon|phone\u00bb global_colors_info=\u00bb{}\u00bb][\/et_pb_post_title][\/et_pb_column][\/et_pb_row][\/et_pb_section][et_pb_section fb_built=\u00bb1&#8243; custom_padding_last_edited=\u00bbon|tablet\u00bb _builder_version=\u00bb4.24.2&#8243; _module_preset=\u00bbdefault\u00bb custom_margin=\u00bb0px||||false|false\u00bb custom_padding=\u00bb0px||0px||false|false\u00bb custom_padding_tablet=\u00bb60px||||false|false\u00bb custom_padding_phone=\u00bb60px||||false|false\u00bb global_colors_info=\u00bb{}\u00bb][et_pb_row column_structure=\u00bb1_2,1_2&#8243; use_custom_gutter=\u00bbon\u00bb gutter_width=\u00bb1&#8243; make_equal=\u00bbon\u00bb _builder_version=\u00bb4.24.2&#8243; _module_preset=\u00bbdefault\u00bb width=\u00bb100%\u00bb width_tablet=\u00bb80%\u00bb width_phone=\u00bb80%\u00bb width_last_edited=\u00bbon|tablet\u00bb max_width=\u00bb100%\u00bb custom_margin=\u00bb0px||0px||false|false\u00bb custom_padding=\u00bb0px||0px||false|false\u00bb global_colors_info=\u00bb{}\u00bb][et_pb_column type=\u00bb1_2&#8243; _builder_version=\u00bb4.24.2&#8243; _module_preset=\u00bbdefault\u00bb custom_padding=\u00bb200px|10%|200px|15%|true|false\u00bb custom_padding_tablet=\u00bb50px|0%|50px|0%|true|false\u00bb custom_padding_phone=\u00bb0px|0%|0px|0%|true|false\u00bb custom_padding_last_edited=\u00bbon|phone\u00bb global_colors_info=\u00bb{}\u00bb][et_pb_text _builder_version=\u00bb4.27.0&#8243; _module_preset=\u00bbdefault\u00bb header_2_font=\u00bb|300||on|||||\u00bb header_2_text_color=\u00bb#3E85C7&#8243; header_2_font_size=\u00bb52px\u00bb header_2_line_height=\u00bb1.2em\u00bb custom_padding=\u00bb||20px||false|false\u00bb hover_enabled=\u00bb0&#8243; header_2_font_size_tablet=\u00bb52px\u00bb header_2_font_size_phone=\u00bb32px\u00bb header_2_font_size_last_edited=\u00bbon|phone\u00bb global_colors_info=\u00bb{}\u00bb sticky_enabled=\u00bb0&#8243;]<\/p>\n<h2>SOMOS MLD<\/h2>\n<p>[\/et_pb_text][et_pb_text _builder_version=\u00bb4.24.2&#8243; _module_preset=\u00bbdefault\u00bb text_orientation=\u00bbjustified\u00bb custom_padding=\u00bb||35px||false|false\u00bb global_colors_info=\u00bb{}\u00bb]Somos la compa\u00f1\u00eda de turismo referente en la Comarca del Barbanza. Nuestra principal actividad es la adquisici\u00f3n y gesti\u00f3n de activos inmobiliarios que se encuentran en desuso a fin de transformarlos e incorporarlos al sector tur\u00edstico.<\/p>\n<p>Experiencia, visi\u00f3n estrat\u00e9gica, innovaci\u00f3n y diversificaci\u00f3n nos han convertido en uno de los actores de referencia y especialistas en edificaci\u00f3n sostenible.<\/p>\n<p>La compa\u00f1\u00eda sigue una proyecci\u00f3n ascendente y se encuentra inmersa en una etapa de crecimiento y expansi\u00f3n, garantizada por un equipo gestor comprometido con los resultados y la creaci\u00f3n de valor.[\/et_pb_text][et_pb_image src=\u00bbhttps:\/\/mardeliradesarrollos.com\/wp-content\/uploads\/2024\/06\/creando-experiencias-boiro.jpg\u00bb alt=\u00bbTurismo en Boiro\u00bb title_text=\u00bbTurismo en Boiro\u00bb disabled_on=\u00bboff|off|on\u00bb _builder_version=\u00bb4.24.2&#8243; _module_preset=\u00bbdefault\u00bb custom_margin=\u00bb40px||||false|false\u00bb global_colors_info=\u00bb{}\u00bb][\/et_pb_image][\/et_pb_column][et_pb_column type=\u00bb1_2&#8243; _builder_version=\u00bb4.24.2&#8243; _module_preset=\u00bbdefault\u00bb background_image=\u00bbhttps:\/\/mardeliradesarrollos.com\/wp-content\/uploads\/2024\/06\/creando-experiencias-boiro.jpg\u00bb global_colors_info=\u00bb{}\u00bb][\/et_pb_column][\/et_pb_row][\/et_pb_section][et_pb_section fb_built=\u00bb1&#8243; _builder_version=\u00bb4.24.2&#8243; _module_preset=\u00bbdefault\u00bb custom_padding=\u00bb0px||0px||false|false\u00bb global_colors_info=\u00bb{}\u00bb][et_pb_row column_structure=\u00bb1_2,1_2&#8243; use_custom_gutter=\u00bbon\u00bb gutter_width=\u00bb1&#8243; make_equal=\u00bbon\u00bb _builder_version=\u00bb4.24.2&#8243; _module_preset=\u00bbdefault\u00bb width=\u00bb100%\u00bb width_tablet=\u00bb80%\u00bb width_phone=\u00bb80%\u00bb width_last_edited=\u00bbon|tablet\u00bb max_width=\u00bb100%\u00bb custom_margin=\u00bb0px||0px||false|false\u00bb custom_padding=\u00bb0px||0px||false|false\u00bb global_colors_info=\u00bb{}\u00bb][et_pb_column type=\u00bb1_2&#8243; _builder_version=\u00bb4.24.2&#8243; _module_preset=\u00bbdefault\u00bb background_image=\u00bbhttps:\/\/mardeliradesarrollos.com\/wp-content\/uploads\/2024\/06\/creando-experiencias-boiro-3.jpg\u00bb global_colors_info=\u00bb{}\u00bb][\/et_pb_column][et_pb_column type=\u00bb1_2&#8243; _builder_version=\u00bb4.24.2&#8243; _module_preset=\u00bbdefault\u00bb custom_padding=\u00bb200px|15%|200px|10%|true|false\u00bb custom_padding_tablet=\u00bb50px|0%|50px|0%|true|false\u00bb custom_padding_phone=\u00bb50px|0%|50px|0%|true|false\u00bb custom_padding_last_edited=\u00bbon|phone\u00bb global_colors_info=\u00bb{}\u00bb][et_pb_text _builder_version=\u00bb4.24.2&#8243; _module_preset=\u00bbdefault\u00bb header_2_font=\u00bb|300||on|||||\u00bb header_2_text_color=\u00bb#3E85C7&#8243; header_2_font_size=\u00bb52px\u00bb header_2_line_height=\u00bb1.2em\u00bb custom_padding=\u00bb||20px||false|false\u00bb header_2_font_size_tablet=\u00bb52px\u00bb header_2_font_size_phone=\u00bb32px\u00bb header_2_font_size_last_edited=\u00bbon|phone\u00bb global_colors_info=\u00bb{}\u00bb]<\/p>\n<h2>Misi\u00f3n<\/h2>\n<p>[\/et_pb_text][et_pb_text _builder_version=\u00bb4.24.2&#8243; _module_preset=\u00bbdefault\u00bb text_orientation=\u00bbjustified\u00bb custom_padding=\u00bb||35px||false|false\u00bb global_colors_info=\u00bb{}\u00bb]Nuestra misi\u00f3n es transformar la industria tur\u00edstica desarrollando servicios y experiencias singulares que enriquezcan la vida de nuestros clientes. Nos esforzamos por lograr la excelencia en la administraci\u00f3n de nuestros recursos a trav\u00e9s de la mejora continua en calidad y experiencia de cliente, empleando la innovaci\u00f3n, la sostenibilidad y el trato personalizado.[\/et_pb_text][et_pb_image src=\u00bbhttps:\/\/mardeliradesarrollos.com\/wp-content\/uploads\/2024\/06\/creando-experiencias-boiro-3.jpg\u00bb alt=\u00bbTurismo en Boiro\u00bb title_text=\u00bbTurismo en Boiro\u00bb disabled_on=\u00bboff|off|on\u00bb _builder_version=\u00bb4.24.2&#8243; _module_preset=\u00bbdefault\u00bb custom_margin=\u00bb40px||||false|false\u00bb global_colors_info=\u00bb{}\u00bb][\/et_pb_image][\/et_pb_column][\/et_pb_row][\/et_pb_section][et_pb_section fb_built=\u00bb1&#8243; _builder_version=\u00bb4.24.2&#8243; _module_preset=\u00bbdefault\u00bb custom_padding=\u00bb0px||0px||false|false\u00bb global_colors_info=\u00bb{}\u00bb][et_pb_row column_structure=\u00bb1_2,1_2&#8243; use_custom_gutter=\u00bbon\u00bb gutter_width=\u00bb1&#8243; make_equal=\u00bbon\u00bb _builder_version=\u00bb4.24.2&#8243; _module_preset=\u00bbdefault\u00bb width=\u00bb100%\u00bb width_tablet=\u00bb80%\u00bb width_phone=\u00bb80%\u00bb width_last_edited=\u00bbon|tablet\u00bb max_width=\u00bb100%\u00bb custom_margin=\u00bb0px||0px||false|false\u00bb custom_padding=\u00bb0px||0px||false|false\u00bb global_colors_info=\u00bb{}\u00bb][et_pb_column type=\u00bb1_2&#8243; _builder_version=\u00bb4.24.2&#8243; _module_preset=\u00bbdefault\u00bb custom_padding=\u00bb200px|10%|200px|15%|true|false\u00bb custom_padding_tablet=\u00bb50px|0%|50px|0%|true|false\u00bb custom_padding_phone=\u00bb50px|0%|50px|0%|true|false\u00bb custom_padding_last_edited=\u00bbon|tablet\u00bb global_colors_info=\u00bb{}\u00bb][et_pb_text _builder_version=\u00bb4.24.2&#8243; _module_preset=\u00bbdefault\u00bb header_2_font=\u00bb|300||on|||||\u00bb header_2_text_color=\u00bb#3E85C7&#8243; header_2_font_size=\u00bb52px\u00bb header_2_line_height=\u00bb1.2em\u00bb custom_padding=\u00bb||20px||false|false\u00bb header_2_font_size_tablet=\u00bb52px\u00bb header_2_font_size_phone=\u00bb32px\u00bb header_2_font_size_last_edited=\u00bbon|phone\u00bb global_colors_info=\u00bb{}\u00bb]<\/p>\n<h2>Valores<\/h2>\n<p>[\/et_pb_text][et_pb_text _builder_version=\u00bb4.24.2&#8243; _module_preset=\u00bbdefault\u00bb text_orientation=\u00bbjustified\u00bb custom_padding=\u00bb||35px||false|false\u00bb global_colors_info=\u00bb{}\u00bb]<\/p>\n<p>Nuestro <strong>liderazgo<\/strong> est\u00e1 impulsado por nuestro <strong>esp\u00edritu de vanguardia<\/strong> y nuestro compromiso con la <strong>innovaci\u00f3n<\/strong> en todas las facetas de la empresa. Estamos dedicados a maximizar el valor en la administraci\u00f3n de activos; prever y comprender las expectativas de los clientes para brindarles un nivel superior de manera continua. Nuestro enfoque en el servicio nos habilita para ofrecer experiencias inigualables que definen el est\u00e1ndar MLD, un referente en la industria del turismo. Nos motiva la b\u00fasqueda constante de innovaci\u00f3n y la proyecci\u00f3n a futuro. Con adaptabilidad y rapidez, y siempre conscientes de nuestro papel como catalizadores de cambio y progreso, nos esforzamos por tener un efecto beneficioso en la sociedad y en el bienestar de las comunidades donde operamos.<\/p>\n<p>[\/et_pb_text][\/et_pb_column][et_pb_column type=\u00bb1_2&#8243; _builder_version=\u00bb4.24.2&#8243; _module_preset=\u00bbdefault\u00bb background_image=\u00bbhttps:\/\/mardeliradesarrollos.com\/wp-content\/uploads\/2024\/06\/creando-experiencias-boiro-2.jpg\u00bb global_colors_info=\u00bb{}\u00bb][\/et_pb_column][\/et_pb_row][\/et_pb_section]<\/p>","protected":false},"excerpt":{"rendered":"<p>SOMOS MLDSomos la compa\u00f1\u00eda de turismo referente en la Comarca del Barbanza. Nuestra principal actividad es la adquisici\u00f3n y gesti\u00f3n de activos inmobiliarios que se encuentran en desuso a fin de transformarlos e incorporarlos al sector tur\u00edstico. Experiencia, visi\u00f3n estrat\u00e9gica, innovaci\u00f3n y diversificaci\u00f3n nos han convertido en uno de los actores de referencia y especialistas [&hellip;]<\/p>","protected":false},"author":1,"featured_media":257,"parent":0,"menu_order":0,"comment_status":"closed","ping_status":"closed","template":"","meta":{"_et_pb_use_builder":"on","_et_pb_old_content":"","_et_gb_content_width":"","footnotes":""},"class_list":["post-35","page","type-page","status-publish","has-post-thumbnail","hentry"],"yoast_head":"<!-- This site is optimized with the Yoast SEO plugin v23.3 - https:\/\/yoast.com\/wordpress\/plugins\/seo\/ -->\n<title>Mar de Lira Desarrollos - Apartamentos tur\u00edsticos en Galicia<\/title>\n<meta name=\"description\" content=\"Tratamos de comprender las expectativas de los clientes para ofrecerles experiencias inigualables y los mejores apartamentos tur\u00edsticos en Galicia.\" \/>\n<meta name=\"robots\" content=\"index, follow, max-snippet:-1, max-image-preview:large, max-video-preview:-1\" \/>\n<link rel=\"canonical\" href=\"https:\/\/mardeliradesarrollos.com\/en\/creamos-experiencias\/\" \/>\n<meta property=\"og:locale\" content=\"en_US\" \/>\n<meta property=\"og:type\" content=\"article\" \/>\n<meta property=\"og:title\" content=\"Mar de Lira Desarrollos - Apartamentos tur\u00edsticos en Galicia\" \/>\n<meta property=\"og:description\" content=\"Tratamos de comprender las expectativas de los clientes para ofrecerles experiencias inigualables y los mejores apartamentos tur\u00edsticos en Galicia.\" \/>\n<meta property=\"og:url\" content=\"https:\/\/mardeliradesarrollos.com\/en\/creamos-experiencias\/\" \/>\n<meta property=\"og:site_name\" content=\"Mar de Lira Desarrollos\" \/>\n<meta property=\"article:modified_time\" content=\"2025-10-03T06:44:50+00:00\" \/>\n<meta property=\"og:image\" content=\"https:\/\/mardeliradesarrollos.com\/wp-content\/uploads\/2024\/03\/bg-tit.jpg\" \/>\n\t<meta property=\"og:image:width\" content=\"2000\" \/>\n\t<meta property=\"og:image:height\" content=\"851\" \/>\n\t<meta property=\"og:image:type\" content=\"image\/jpeg\" \/>\n<meta name=\"twitter:card\" content=\"summary_large_image\" \/>\n<meta name=\"twitter:label1\" content=\"Est. reading time\" \/>\n\t<meta name=\"twitter:data1\" content=\"2 minutes\" \/>\n<script type=\"application\/ld+json\" class=\"yoast-schema-graph\">{\"@context\":\"https:\/\/schema.org\",\"@graph\":[{\"@type\":\"WebPage\",\"@id\":\"https:\/\/mardeliradesarrollos.com\/creamos-experiencias\/\",\"url\":\"https:\/\/mardeliradesarrollos.com\/creamos-experiencias\/\",\"name\":\"Mar de Lira Desarrollos - Apartamentos tur\u00edsticos en Galicia\",\"isPartOf\":{\"@id\":\"https:\/\/mardeliradesarrollos.com\/#website\"},\"primaryImageOfPage\":{\"@id\":\"https:\/\/mardeliradesarrollos.com\/creamos-experiencias\/#primaryimage\"},\"image\":{\"@id\":\"https:\/\/mardeliradesarrollos.com\/creamos-experiencias\/#primaryimage\"},\"thumbnailUrl\":\"https:\/\/mardeliradesarrollos.com\/wp-content\/uploads\/2024\/03\/bg-tit.jpg\",\"datePublished\":\"2024-03-15T11:03:44+00:00\",\"dateModified\":\"2025-10-03T06:44:50+00:00\",\"description\":\"Tratamos de comprender las expectativas de los clientes para ofrecerles experiencias inigualables y los mejores apartamentos tur\u00edsticos en Galicia.\",\"breadcrumb\":{\"@id\":\"https:\/\/mardeliradesarrollos.com\/creamos-experiencias\/#breadcrumb\"},\"inLanguage\":\"en-US\",\"potentialAction\":[{\"@type\":\"ReadAction\",\"target\":[\"https:\/\/mardeliradesarrollos.com\/creamos-experiencias\/\"]}]},{\"@type\":\"ImageObject\",\"inLanguage\":\"en-US\",\"@id\":\"https:\/\/mardeliradesarrollos.com\/creamos-experiencias\/#primaryimage\",\"url\":\"https:\/\/mardeliradesarrollos.com\/wp-content\/uploads\/2024\/03\/bg-tit.jpg\",\"contentUrl\":\"https:\/\/mardeliradesarrollos.com\/wp-content\/uploads\/2024\/03\/bg-tit.jpg\",\"width\":2000,\"height\":851},{\"@type\":\"BreadcrumbList\",\"@id\":\"https:\/\/mardeliradesarrollos.com\/creamos-experiencias\/#breadcrumb\",\"itemListElement\":[{\"@type\":\"ListItem\",\"position\":1,\"name\":\"Portada\",\"item\":\"https:\/\/mardeliradesarrollos.com\/\"},{\"@type\":\"ListItem\",\"position\":2,\"name\":\"Creamos experiencias\"}]},{\"@type\":\"WebSite\",\"@id\":\"https:\/\/mardeliradesarrollos.com\/#website\",\"url\":\"https:\/\/mardeliradesarrollos.com\/\",\"name\":\"Mar de Lira Desarrollos\",\"description\":\"\",\"potentialAction\":[{\"@type\":\"SearchAction\",\"target\":{\"@type\":\"EntryPoint\",\"urlTemplate\":\"https:\/\/mardeliradesarrollos.com\/?s={search_term_string}\"},\"query-input\":\"required name=search_term_string\"}],\"inLanguage\":\"en-US\"}]}<\/script>\n<!-- \/ Yoast SEO plugin. -->","yoast_head_json":{"title":"Mar de Lira Desarrollos - Apartamentos tur\u00edsticos en Galicia","description":"Tratamos de comprender las expectativas de los clientes para ofrecerles experiencias inigualables y los mejores apartamentos tur\u00edsticos en Galicia.","robots":{"index":"index","follow":"follow","max-snippet":"max-snippet:-1","max-image-preview":"max-image-preview:large","max-video-preview":"max-video-preview:-1"},"canonical":"https:\/\/mardeliradesarrollos.com\/en\/creamos-experiencias\/","og_locale":"en_US","og_type":"article","og_title":"Mar de Lira Desarrollos - Apartamentos tur\u00edsticos en Galicia","og_description":"Tratamos de comprender las expectativas de los clientes para ofrecerles experiencias inigualables y los mejores apartamentos tur\u00edsticos en Galicia.","og_url":"https:\/\/mardeliradesarrollos.com\/en\/creamos-experiencias\/","og_site_name":"Mar de Lira Desarrollos","article_modified_time":"2025-10-03T06:44:50+00:00","og_image":[{"width":2000,"height":851,"url":"https:\/\/mardeliradesarrollos.com\/wp-content\/uploads\/2024\/03\/bg-tit.jpg","type":"image\/jpeg"}],"twitter_card":"summary_large_image","twitter_misc":{"Est. reading time":"2 minutes"},"schema":{"@context":"https:\/\/schema.org","@graph":[{"@type":"WebPage","@id":"https:\/\/mardeliradesarrollos.com\/creamos-experiencias\/","url":"https:\/\/mardeliradesarrollos.com\/creamos-experiencias\/","name":"Mar de Lira Desarrollos - Apartamentos tur\u00edsticos en Galicia","isPartOf":{"@id":"https:\/\/mardeliradesarrollos.com\/#website"},"primaryImageOfPage":{"@id":"https:\/\/mardeliradesarrollos.com\/creamos-experiencias\/#primaryimage"},"image":{"@id":"https:\/\/mardeliradesarrollos.com\/creamos-experiencias\/#primaryimage"},"thumbnailUrl":"https:\/\/mardeliradesarrollos.com\/wp-content\/uploads\/2024\/03\/bg-tit.jpg","datePublished":"2024-03-15T11:03:44+00:00","dateModified":"2025-10-03T06:44:50+00:00","description":"Tratamos de comprender las expectativas de los clientes para ofrecerles experiencias inigualables y los mejores apartamentos tur\u00edsticos en Galicia.","breadcrumb":{"@id":"https:\/\/mardeliradesarrollos.com\/creamos-experiencias\/#breadcrumb"},"inLanguage":"en-US","potentialAction":[{"@type":"ReadAction","target":["https:\/\/mardeliradesarrollos.com\/creamos-experiencias\/"]}]},{"@type":"ImageObject","inLanguage":"en-US","@id":"https:\/\/mardeliradesarrollos.com\/creamos-experiencias\/#primaryimage","url":"https:\/\/mardeliradesarrollos.com\/wp-content\/uploads\/2024\/03\/bg-tit.jpg","contentUrl":"https:\/\/mardeliradesarrollos.com\/wp-content\/uploads\/2024\/03\/bg-tit.jpg","width":2000,"height":851},{"@type":"BreadcrumbList","@id":"https:\/\/mardeliradesarrollos.com\/creamos-experiencias\/#breadcrumb","itemListElement":[{"@type":"ListItem","position":1,"name":"Portada","item":"https:\/\/mardeliradesarrollos.com\/"},{"@type":"ListItem","position":2,"name":"Creamos experiencias"}]},{"@type":"WebSite","@id":"https:\/\/mardeliradesarrollos.com\/#website","url":"https:\/\/mardeliradesarrollos.com\/","name":"Mar de Lira Desarrollos","description":"","potentialAction":[{"@type":"SearchAction","target":{"@type":"EntryPoint","urlTemplate":"https:\/\/mardeliradesarrollos.com\/?s={search_term_string}"},"query-input":"required name=search_term_string"}],"inLanguage":"en-US"}]}},"_links":{"self":[{"href":"https:\/\/mardeliradesarrollos.com\/en\/wp-json\/wp\/v2\/pages\/35","targetHints":{"allow":["GET"]}}],"collection":[{"href":"https:\/\/mardeliradesarrollos.com\/en\/wp-json\/wp\/v2\/pages"}],"about":[{"href":"https:\/\/mardeliradesarrollos.com\/en\/wp-json\/wp\/v2\/types\/page"}],"author":[{"embeddable":true,"href":"https:\/\/mardeliradesarrollos.com\/en\/wp-json\/wp\/v2\/users\/1"}],"replies":[{"embeddable":true,"href":"https:\/\/mardeliradesarrollos.com\/en\/wp-json\/wp\/v2\/comments?post=35"}],"version-history":[{"count":18,"href":"https:\/\/mardeliradesarrollos.com\/en\/wp-json\/wp\/v2\/pages\/35\/revisions"}],"predecessor-version":[{"id":8413,"href":"https:\/\/mardeliradesarrollos.com\/en\/wp-json\/wp\/v2\/pages\/35\/revisions\/8413"}],"wp:featuredmedia":[{"embeddable":true,"href":"https:\/\/mardeliradesarrollos.com\/en\/wp-json\/wp\/v2\/media\/257"}],"wp:attachment":[{"href":"https:\/\/mardeliradesarrollos.com\/en\/wp-json\/wp\/v2\/media?parent=35"}],"curies":[{"name":"wp","href":"https:\/\/api.w.org\/{rel}","templated":true}]}}