{"id":689,"date":"2024-05-31T09:42:19","date_gmt":"2024-05-31T07:42:19","guid":{"rendered":"https:\/\/mardeliradesarrollos.com\/?page_id=689"},"modified":"2025-06-30T09:11:45","modified_gmt":"2025-06-30T07:11:45","slug":"declaracion-de-financiacion","status":"publish","type":"page","link":"https:\/\/mardeliradesarrollos.com\/en\/declaracion-de-financiacion\/","title":{"rendered":"Declaraci\u00f3n de financiaci\u00f3n"},"content":{"rendered":"<p>[et_pb_section fb_built=\u00bb1&#8243; _builder_version=\u00bb4.24.2&#8243; _module_preset=\u00bbdefault\u00bb global_colors_info=\u00bb{}\u00bb][et_pb_row _builder_version=\u00bb4.24.2&#8243; _module_preset=\u00bbdefault\u00bb max_width=\u00bb1000px\u00bb global_colors_info=\u00bb{}\u00bb][et_pb_column type=\u00bb4_4&#8243; _builder_version=\u00bb4.24.2&#8243; _module_preset=\u00bbdefault\u00bb global_colors_info=\u00bb{}\u00bb][et_pb_text _builder_version=\u00bb4.27.0&#8243; _module_preset=\u00bbdefault\u00bb text_font_size=\u00bb18px\u00bb text_line_height=\u00bb1.4em\u00bb header_font=\u00bb|300||on|||||\u00bb header_text_color=\u00bb#1E1E1E\u00bb header_font_size=\u00bb42px\u00bb header_line_height=\u00bb1.2em\u00bb text_orientation=\u00bbcenter\u00bb header_font_size_tablet=\u00bb42px\u00bb header_font_size_phone=\u00bb32px\u00bb header_font_size_last_edited=\u00bbon|phone\u00bb global_colors_info=\u00bb{}\u00bb]<\/p>\n<h1>Declaraci\u00f3n de financiaci\u00f3n<\/h1>\n<p>[\/et_pb_text][et_pb_image src=\u00bbhttps:\/\/mardeliradesarrollos.com\/wp-content\/uploads\/2024\/05\/Cartel-Kit-digital.png\u00bb title_text=\u00bbCartel Kit digital\u00bb align=\u00bbcenter\u00bb _builder_version=\u00bb4.24.2&#8243; _module_preset=\u00bbdefault\u00bb global_colors_info=\u00bb{}\u00bb][\/et_pb_image][et_pb_image src=\u00bbhttps:\/\/mardeliradesarrollos.com\/wp-content\/uploads\/2024\/08\/Axudas-e-financiamento-do-Igape-mar-de-lira.jpg\u00bb title_text=\u00bbAxudas-e-financiamento-do-Igape-mar-de-lira\u00bb align=\u00bbcenter\u00bb _builder_version=\u00bb4.27.0&#8243; _module_preset=\u00bbdefault\u00bb global_colors_info=\u00bb{}\u00bb][\/et_pb_image][\/et_pb_column][\/et_pb_row][et_pb_row module_id=\u00bbsubvencion_eficiencia_enerxetica\u00bb _builder_version=\u00bb4.27.0&#8243; _module_preset=\u00bbdefault\u00bb max_width=\u00bb1000px\u00bb hover_enabled=\u00bb0&#8243; global_colors_info=\u00bb{}\u00bb sticky_enabled=\u00bb0&#8243;][et_pb_column type=\u00bb4_4&#8243; _builder_version=\u00bb4.24.2&#8243; _module_preset=\u00bbdefault\u00bb global_colors_info=\u00bb{}\u00bb][et_pb_text _builder_version=\u00bb4.27.0&#8243; _module_preset=\u00bbdefault\u00bb global_colors_info=\u00bb{}\u00bb]<\/p>\n<p style=\"text-align: center;\">Instalaci\u00f3n el\u00e9ctrica generadora de 14kW mediante paneles solares fotovoltaicos en p\u00e9rgola y suelo para autoconsumo dando servicio a nuestros apartamentos tur\u00edsticos BOIROBELLO.<\/p>\n<p>[\/et_pb_text][et_pb_image src=\u00bbhttps:\/\/mardeliradesarrollos.com\/wp-content\/uploads\/2025\/04\/MODELO-CARTEL.jpg\u00bb title_text=\u00bbSubvenci\u00f3n para actuaci\u00f3ns de eficiencia enerx\u00e9tica en empresas tur\u00edsticas\u00bb align=\u00bbcenter\u00bb _builder_version=\u00bb4.27.0&#8243; _module_preset=\u00bbdefault\u00bb width=\u00bb75%\u00bb global_colors_info=\u00bb{}\u00bb][\/et_pb_image][\/et_pb_column][\/et_pb_row][et_pb_row module_id=\u00bbsubvencion_mobilidade_electrica\u00bb _builder_version=\u00bb4.27.0&#8243; _module_preset=\u00bbdefault\u00bb max_width=\u00bb1000px\u00bb hover_enabled=\u00bb0&#8243; global_colors_info=\u00bb{}\u00bb sticky_enabled=\u00bb0&#8243;][et_pb_column type=\u00bb4_4&#8243; _builder_version=\u00bb4.24.2&#8243; _module_preset=\u00bbdefault\u00bb global_colors_info=\u00bb{}\u00bb][et_pb_text _builder_version=\u00bb4.27.0&#8243; _module_preset=\u00bbdefault\u00bb hover_enabled=\u00bb0&#8243; global_colors_info=\u00bb{}\u00bb disabled_on=\u00bbon|on|on\u00bb disabled=\u00bbon\u00bb sticky_enabled=\u00bb0&#8243;]<\/p>\n<p style=\"text-align: center;\">Instalaci\u00f3n el\u00e9ctrica generadora de 14kW mediante paneles solares fotovoltaicos en p\u00e9rgola y suelo para autoconsumo dando servicio a nuestros apartamentos tur\u00edsticos BOIROBELLO.<\/p>\n<p>[\/et_pb_text][et_pb_image src=\u00bbhttps:\/\/mardeliradesarrollos.com\/wp-content\/uploads\/2025\/06\/MOVESIII_Modelo_publicidad_Programa_Incentivos_2_page-0001.jpg\u00bb title_text=\u00bbMOVESIII_Modelo_publicidad_Programa_Incentivos_2_page-0001&#8243; align=\u00bbcenter\u00bb _builder_version=\u00bb4.27.0&#8243; _module_preset=\u00bbdefault\u00bb width=\u00bb75%\u00bb hover_enabled=\u00bb0&#8243; global_colors_info=\u00bb{}\u00bb sticky_enabled=\u00bb0&#8243;][\/et_pb_image][\/et_pb_column][\/et_pb_row][\/et_pb_section]<\/p>","protected":false},"excerpt":{"rendered":"<p>Declaraci\u00f3n de financiaci\u00f3nInstalaci\u00f3n el\u00e9ctrica generadora de 14kW mediante paneles solares fotovoltaicos en p\u00e9rgola y suelo para autoconsumo dando servicio a nuestros apartamentos tur\u00edsticos BOIROBELLO.Instalaci\u00f3n el\u00e9ctrica generadora de 14kW mediante paneles solares fotovoltaicos en p\u00e9rgola y suelo para autoconsumo dando servicio a nuestros apartamentos tur\u00edsticos BOIROBELLO.<\/p>","protected":false},"author":1,"featured_media":0,"parent":0,"menu_order":0,"comment_status":"closed","ping_status":"closed","template":"","meta":{"_et_pb_use_builder":"on","_et_pb_old_content":"","_et_gb_content_width":"","footnotes":""},"class_list":["post-689","page","type-page","status-publish","hentry"],"yoast_head":"<!-- This site is optimized with the Yoast SEO plugin v23.3 - https:\/\/yoast.com\/wordpress\/plugins\/seo\/ -->\n<title>Declaraci\u00f3n de financiaci\u00f3n - Mar de Lira Desarrollos<\/title>\n<meta name=\"robots\" content=\"index, follow, max-snippet:-1, max-image-preview:large, max-video-preview:-1\" \/>\n<link rel=\"canonical\" href=\"https:\/\/mardeliradesarrollos.com\/en\/declaracion-de-financiacion\/\" \/>\n<meta property=\"og:locale\" content=\"en_US\" \/>\n<meta property=\"og:type\" content=\"article\" \/>\n<meta property=\"og:title\" content=\"Declaraci\u00f3n de financiaci\u00f3n - Mar de Lira Desarrollos\" \/>\n<meta property=\"og:description\" content=\"Declaraci\u00f3n de financiaci\u00f3nInstalaci\u00f3n el\u00e9ctrica generadora de 14kW mediante paneles solares fotovoltaicos en p\u00e9rgola y suelo para autoconsumo dando servicio a nuestros apartamentos tur\u00edsticos BOIROBELLO.Instalaci\u00f3n el\u00e9ctrica generadora de 14kW mediante paneles solares fotovoltaicos en p\u00e9rgola y suelo para autoconsumo dando servicio a nuestros apartamentos tur\u00edsticos BOIROBELLO.\" \/>\n<meta property=\"og:url\" content=\"https:\/\/mardeliradesarrollos.com\/en\/declaracion-de-financiacion\/\" \/>\n<meta property=\"og:site_name\" content=\"Mar de Lira Desarrollos\" \/>\n<meta property=\"article:modified_time\" content=\"2025-06-30T07:11:45+00:00\" \/>\n<meta name=\"twitter:card\" content=\"summary_large_image\" \/>\n<meta name=\"twitter:label1\" content=\"Est. reading time\" \/>\n\t<meta name=\"twitter:data1\" content=\"1 minute\" \/>\n<script type=\"application\/ld+json\" class=\"yoast-schema-graph\">{\"@context\":\"https:\/\/schema.org\",\"@graph\":[{\"@type\":\"WebPage\",\"@id\":\"https:\/\/mardeliradesarrollos.com\/declaracion-de-financiacion\/\",\"url\":\"https:\/\/mardeliradesarrollos.com\/declaracion-de-financiacion\/\",\"name\":\"Declaraci\u00f3n de financiaci\u00f3n - Mar de Lira Desarrollos\",\"isPartOf\":{\"@id\":\"https:\/\/mardeliradesarrollos.com\/#website\"},\"datePublished\":\"2024-05-31T07:42:19+00:00\",\"dateModified\":\"2025-06-30T07:11:45+00:00\",\"breadcrumb\":{\"@id\":\"https:\/\/mardeliradesarrollos.com\/declaracion-de-financiacion\/#breadcrumb\"},\"inLanguage\":\"en-US\",\"potentialAction\":[{\"@type\":\"ReadAction\",\"target\":[\"https:\/\/mardeliradesarrollos.com\/declaracion-de-financiacion\/\"]}]},{\"@type\":\"BreadcrumbList\",\"@id\":\"https:\/\/mardeliradesarrollos.com\/declaracion-de-financiacion\/#breadcrumb\",\"itemListElement\":[{\"@type\":\"ListItem\",\"position\":1,\"name\":\"Portada\",\"item\":\"https:\/\/mardeliradesarrollos.com\/\"},{\"@type\":\"ListItem\",\"position\":2,\"name\":\"Declaraci\u00f3n de financiaci\u00f3n\"}]},{\"@type\":\"WebSite\",\"@id\":\"https:\/\/mardeliradesarrollos.com\/#website\",\"url\":\"https:\/\/mardeliradesarrollos.com\/\",\"name\":\"Mar de Lira Desarrollos\",\"description\":\"\",\"potentialAction\":[{\"@type\":\"SearchAction\",\"target\":{\"@type\":\"EntryPoint\",\"urlTemplate\":\"https:\/\/mardeliradesarrollos.com\/?s={search_term_string}\"},\"query-input\":\"required name=search_term_string\"}],\"inLanguage\":\"en-US\"}]}<\/script>\n<!-- \/ Yoast SEO plugin. -->","yoast_head_json":{"title":"Declaraci\u00f3n de financiaci\u00f3n - Mar de Lira Desarrollos","robots":{"index":"index","follow":"follow","max-snippet":"max-snippet:-1","max-image-preview":"max-image-preview:large","max-video-preview":"max-video-preview:-1"},"canonical":"https:\/\/mardeliradesarrollos.com\/en\/declaracion-de-financiacion\/","og_locale":"en_US","og_type":"article","og_title":"Declaraci\u00f3n de financiaci\u00f3n - Mar de Lira Desarrollos","og_description":"Declaraci\u00f3n de financiaci\u00f3nInstalaci\u00f3n el\u00e9ctrica generadora de 14kW mediante paneles solares fotovoltaicos en p\u00e9rgola y suelo para autoconsumo dando servicio a nuestros apartamentos tur\u00edsticos BOIROBELLO.Instalaci\u00f3n el\u00e9ctrica generadora de 14kW mediante paneles solares fotovoltaicos en p\u00e9rgola y suelo para autoconsumo dando servicio a nuestros apartamentos tur\u00edsticos BOIROBELLO.","og_url":"https:\/\/mardeliradesarrollos.com\/en\/declaracion-de-financiacion\/","og_site_name":"Mar de Lira Desarrollos","article_modified_time":"2025-06-30T07:11:45+00:00","twitter_card":"summary_large_image","twitter_misc":{"Est. reading time":"1 minute"},"schema":{"@context":"https:\/\/schema.org","@graph":[{"@type":"WebPage","@id":"https:\/\/mardeliradesarrollos.com\/declaracion-de-financiacion\/","url":"https:\/\/mardeliradesarrollos.com\/declaracion-de-financiacion\/","name":"Declaraci\u00f3n de financiaci\u00f3n - Mar de Lira Desarrollos","isPartOf":{"@id":"https:\/\/mardeliradesarrollos.com\/#website"},"datePublished":"2024-05-31T07:42:19+00:00","dateModified":"2025-06-30T07:11:45+00:00","breadcrumb":{"@id":"https:\/\/mardeliradesarrollos.com\/declaracion-de-financiacion\/#breadcrumb"},"inLanguage":"en-US","potentialAction":[{"@type":"ReadAction","target":["https:\/\/mardeliradesarrollos.com\/declaracion-de-financiacion\/"]}]},{"@type":"BreadcrumbList","@id":"https:\/\/mardeliradesarrollos.com\/declaracion-de-financiacion\/#breadcrumb","itemListElement":[{"@type":"ListItem","position":1,"name":"Portada","item":"https:\/\/mardeliradesarrollos.com\/"},{"@type":"ListItem","position":2,"name":"Declaraci\u00f3n de financiaci\u00f3n"}]},{"@type":"WebSite","@id":"https:\/\/mardeliradesarrollos.com\/#website","url":"https:\/\/mardeliradesarrollos.com\/","name":"Mar de Lira Desarrollos","description":"","potentialAction":[{"@type":"SearchAction","target":{"@type":"EntryPoint","urlTemplate":"https:\/\/mardeliradesarrollos.com\/?s={search_term_string}"},"query-input":"required name=search_term_string"}],"inLanguage":"en-US"}]}},"_links":{"self":[{"href":"https:\/\/mardeliradesarrollos.com\/en\/wp-json\/wp\/v2\/pages\/689","targetHints":{"allow":["GET"]}}],"collection":[{"href":"https:\/\/mardeliradesarrollos.com\/en\/wp-json\/wp\/v2\/pages"}],"about":[{"href":"https:\/\/mardeliradesarrollos.com\/en\/wp-json\/wp\/v2\/types\/page"}],"author":[{"embeddable":true,"href":"https:\/\/mardeliradesarrollos.com\/en\/wp-json\/wp\/v2\/users\/1"}],"replies":[{"embeddable":true,"href":"https:\/\/mardeliradesarrollos.com\/en\/wp-json\/wp\/v2\/comments?post=689"}],"version-history":[{"count":15,"href":"https:\/\/mardeliradesarrollos.com\/en\/wp-json\/wp\/v2\/pages\/689\/revisions"}],"predecessor-version":[{"id":8336,"href":"https:\/\/mardeliradesarrollos.com\/en\/wp-json\/wp\/v2\/pages\/689\/revisions\/8336"}],"wp:attachment":[{"href":"https:\/\/mardeliradesarrollos.com\/en\/wp-json\/wp\/v2\/media?parent=689"}],"curies":[{"name":"wp","href":"https:\/\/api.w.org\/{rel}","templated":true}]}}